{"id":10,"date":"2015-06-08T15:21:57","date_gmt":"2015-06-08T13:21:57","guid":{"rendered":"http:\/\/www.de.otus-podatki.pl\/?page_id=10"},"modified":"2023-04-02T18:47:25","modified_gmt":"2023-04-02T16:47:25","slug":"angebot","status":"publish","type":"page","link":"http:\/\/otus-podatki.pl\/de\/angebot\/","title":{"rendered":"Angebot"},"content":{"rendered":"<p style=\"text-align: justify;\">Das Buchhaltungsb\u00fcro OTUS erbringt die <strong>komplexen Buchhaltungs-Personaldienstleistungen <\/strong>f\u00fcr die Firmen, Personen, welche die Wirtschaftst\u00e4tigkeit f\u00fchren, sowie f\u00fcr diejenigen Personen, welche nur eine Jahreserkl\u00e4rung erstellen, oder die Mehrwertsteuer f\u00fcr die Baumaterialien zur\u00fcckgewinnen m\u00f6chten.<\/p>\n<p style=\"text-align: justify;\">Wir erbringen folgende Dienstleistungen:<\/p>\n<ul style=\"text-align: justify;\">\n<li><strong>Buchhaltungsdienstleistungen<\/strong><strong>, <\/strong><strong>welche unter anderem die F\u00fchrung von Handelsb\u00fcchern, die F\u00fchrung von<\/strong> <strong>Einnahmen- und Ausgabenb\u00fcchern<\/strong> sowie die F\u00fchrung von Pauschalregistern, umfassen,<\/li>\n<li><strong>Personal-<\/strong><strong> und Lohndienstleistungen, <\/strong><strong>welche unter anderem die Erstellung von Lohnlisten, Vorbereitung der Dokumentation f\u00fcr PFRON <\/strong><strong><sub>[<\/sub><\/strong><sub>Der<\/sub> <em><sub>Staatliche<\/sub><\/em> <sub>Fonds zur Rehabilitierung Behinderter Personen]<\/sub> zur Gewinnung von Zusch\u00fcssen im Falle der Einstellung einer behinderten Person, Erstellung von Erkl\u00e4rungen f\u00fcr die Soziale Versicherungsanstalt, F\u00fchrung von Personalakten, umfassen,<\/li>\n<li><strong>sonstige Dienstleistungen<\/strong><strong>, <\/strong><strong>welche unter anderem die Erstellung von Jahreserkl\u00e4rungen, Erstellung von Antr\u00e4gen auf die R\u00fcckerstattung der Mehrwertsteuer f\u00fcr die Baumaterialien, sowie die Unterst\u00fctzung bei der Gr\u00fcndung und Liquidation von Firmen, umfassen.<\/strong><\/li>\n<\/ul>\n<p style=\"text-align: justify;\">Eine ausf\u00fchrliche Information zum Thema der von dem Buchhaltungsb\u00fcro OTUS erbringenden Dienstleistungen finden Sie auf den einzelnen Unterseiten.<\/p>\n<p style=\"text-align: justify;\">Da finden Sie auch die Informationen zum Thema der extra f\u00fcr unsere Kunden vorbereiteten <strong>Sonderangebote<\/strong>.<\/p>\n","protected":false},"excerpt":{"rendered":"<p>Das Buchhaltungsb\u00fcro OTUS erbringt die komplexen Buchhaltungs-Personaldienstleistungen f\u00fcr die Firmen, Personen, welche die Wirtschaftst\u00e4tigkeit f\u00fchren, sowie f\u00fcr diejenigen Personen, welche nur eine Jahreserkl\u00e4rung erstellen, oder die Mehrwertsteuer f\u00fcr die Baumaterialien zur\u00fcckgewinnen m\u00f6chten. Wir erbringen folgende Dienstleistungen: Buchhaltungsdienstleistungen, welche unter anderem die F\u00fchrung von Handelsb\u00fcchern, die F\u00fchrung von Einnahmen- und Ausgabenb\u00fcchern sowie die F\u00fchrung von Pauschalregistern,&#8230;  <\/p>\n<p style=\"margin-bottom: 0px;\"><a href=\"http:\/\/otus-podatki.pl\/de\/angebot\/\" class=\"button more-link\" title=\"Angebot\"><span>Weiterlesen<\/span><\/a><\/p>\n","protected":false},"author":1,"featured_media":135,"parent":0,"menu_order":0,"comment_status":"closed","ping_status":"open","template":"","meta":{"footnotes":""},"class_list":["post-10","page","type-page","status-publish","has-post-thumbnail","hentry"],"_links":{"self":[{"href":"http:\/\/otus-podatki.pl\/de\/wp-json\/wp\/v2\/pages\/10","targetHints":{"allow":["GET"]}}],"collection":[{"href":"http:\/\/otus-podatki.pl\/de\/wp-json\/wp\/v2\/pages"}],"about":[{"href":"http:\/\/otus-podatki.pl\/de\/wp-json\/wp\/v2\/types\/page"}],"author":[{"embeddable":true,"href":"http:\/\/otus-podatki.pl\/de\/wp-json\/wp\/v2\/users\/1"}],"replies":[{"embeddable":true,"href":"http:\/\/otus-podatki.pl\/de\/wp-json\/wp\/v2\/comments?post=10"}],"version-history":[{"count":4,"href":"http:\/\/otus-podatki.pl\/de\/wp-json\/wp\/v2\/pages\/10\/revisions"}],"predecessor-version":[{"id":132,"href":"http:\/\/otus-podatki.pl\/de\/wp-json\/wp\/v2\/pages\/10\/revisions\/132"}],"wp:featuredmedia":[{"embeddable":true,"href":"http:\/\/otus-podatki.pl\/de\/wp-json\/wp\/v2\/media\/135"}],"wp:attachment":[{"href":"http:\/\/otus-podatki.pl\/de\/wp-json\/wp\/v2\/media?parent=10"}],"curies":[{"name":"wp","href":"https:\/\/api.w.org\/{rel}","templated":true}]}}