{"id":12,"date":"2015-06-08T15:25:31","date_gmt":"2015-06-08T13:25:31","guid":{"rendered":"http:\/\/www.de.otus-podatki.pl\/?page_id=12"},"modified":"2023-04-02T18:47:28","modified_gmt":"2023-04-02T16:47:28","slug":"qualifikationen","status":"publish","type":"page","link":"https:\/\/otus-podatki.pl\/de\/qualifikationen\/","title":{"rendered":"Qualifikationen"},"content":{"rendered":"<p style=\"text-align: justify;\">Wir verf\u00fcgen \u00fcber die von dem Finanzministerium erteilten Qualifikationszeugnisse <strong>Nr.<\/strong> 20153\/2007 und 25142\/2008, welche uns berechtigen, die Dienstleistungen im Bereich der F\u00fchrung von Handelsb\u00fcchern zu erbringen.<\/p>\n<p lang=\"de-DE\" style=\"text-align: justify;\">Nachstehend sind unsere Zertifikate erh\u00e4ltlich (Klicken Sie bitte auf das Kleinformat).<\/p>\n\n\t\t<style type=\"text\/css\">\n\t\t\t#gallery-1 {\n\t\t\t\tmargin: auto;\n\t\t\t}\n\t\t\t#gallery-1 .gallery-item {\n\t\t\t\tfloat: left;\n\t\t\t\tmargin-top: 10px;\n\t\t\t\ttext-align: center;\n\t\t\t\twidth: 25%;\n\t\t\t}\n\t\t\t#gallery-1 img {\n\t\t\t\tborder: 2px solid #cfcfcf;\n\t\t\t}\n\t\t\t#gallery-1 .gallery-caption {\n\t\t\t\tmargin-left: 0;\n\t\t\t}\n\t\t\t\/* see gallery_shortcode() in wp-includes\/media.php *\/\n\t\t<\/style>\n\t\t<div id='gallery-1' class='gallery galleryid-12 gallery-columns-4 gallery-size-thumbnail'><dl class='gallery-item'>\n\t\t\t<dt class='gallery-icon landscape'>\n\t\t\t\t<a class=\"thumbnail\" href='https:\/\/otus-podatki.pl\/de\/wp-content\/uploads\/sites\/3\/2015\/06\/2290serve3-opt.jpg'><img loading=\"lazy\" decoding=\"async\" width=\"150\" height=\"150\" src=\"https:\/\/otus-podatki.pl\/de\/wp-content\/uploads\/sites\/3\/2015\/06\/2290serve3-opt-150x150.jpg\" class=\"attachment-thumbnail size-thumbnail\" alt=\"\" srcset=\"https:\/\/otus-podatki.pl\/de\/wp-content\/uploads\/sites\/3\/2015\/06\/2290serve3-opt-150x150.jpg 150w, https:\/\/otus-podatki.pl\/de\/wp-content\/uploads\/sites\/3\/2015\/06\/2290serve3-opt-125x125.jpg 125w\" sizes=\"auto, (max-width: 150px) 100vw, 150px\" \/><\/a>\n\t\t\t<\/dt><\/dl><dl class='gallery-item'>\n\t\t\t<dt class='gallery-icon landscape'>\n\t\t\t\t<a class=\"thumbnail\" href='https:\/\/otus-podatki.pl\/de\/wp-content\/uploads\/sites\/3\/2015\/06\/2290serve5-opt.jpg'><img loading=\"lazy\" decoding=\"async\" width=\"150\" height=\"150\" src=\"https:\/\/otus-podatki.pl\/de\/wp-content\/uploads\/sites\/3\/2015\/06\/2290serve5-opt-150x150.jpg\" class=\"attachment-thumbnail size-thumbnail\" alt=\"\" srcset=\"https:\/\/otus-podatki.pl\/de\/wp-content\/uploads\/sites\/3\/2015\/06\/2290serve5-opt-150x150.jpg 150w, https:\/\/otus-podatki.pl\/de\/wp-content\/uploads\/sites\/3\/2015\/06\/2290serve5-opt-125x125.jpg 125w\" sizes=\"auto, (max-width: 150px) 100vw, 150px\" \/><\/a>\n\t\t\t<\/dt><\/dl><dl class='gallery-item'>\n\t\t\t<dt class='gallery-icon landscape'>\n\t\t\t\t<a class=\"thumbnail\" href='https:\/\/otus-podatki.pl\/de\/wp-content\/uploads\/sites\/3\/2015\/06\/2291serve7-opt.jpg'><img loading=\"lazy\" decoding=\"async\" width=\"150\" height=\"150\" src=\"https:\/\/otus-podatki.pl\/de\/wp-content\/uploads\/sites\/3\/2015\/06\/2291serve7-opt-150x150.jpg\" class=\"attachment-thumbnail size-thumbnail\" alt=\"\" srcset=\"https:\/\/otus-podatki.pl\/de\/wp-content\/uploads\/sites\/3\/2015\/06\/2291serve7-opt-150x150.jpg 150w, https:\/\/otus-podatki.pl\/de\/wp-content\/uploads\/sites\/3\/2015\/06\/2291serve7-opt-125x125.jpg 125w\" sizes=\"auto, (max-width: 150px) 100vw, 150px\" \/><\/a>\n\t\t\t<\/dt><\/dl><dl class='gallery-item'>\n\t\t\t<dt class='gallery-icon landscape'>\n\t\t\t\t<a class=\"thumbnail\" href='https:\/\/otus-podatki.pl\/de\/wp-content\/uploads\/sites\/3\/2015\/06\/2292serve10-opt.jpg'><img loading=\"lazy\" decoding=\"async\" width=\"150\" height=\"150\" src=\"https:\/\/otus-podatki.pl\/de\/wp-content\/uploads\/sites\/3\/2015\/06\/2292serve10-opt-150x150.jpg\" class=\"attachment-thumbnail size-thumbnail\" alt=\"\" srcset=\"https:\/\/otus-podatki.pl\/de\/wp-content\/uploads\/sites\/3\/2015\/06\/2292serve10-opt-150x150.jpg 150w, https:\/\/otus-podatki.pl\/de\/wp-content\/uploads\/sites\/3\/2015\/06\/2292serve10-opt-125x125.jpg 125w\" sizes=\"auto, (max-width: 150px) 100vw, 150px\" \/><\/a>\n\t\t\t<\/dt><\/dl><br style=\"clear: both\" \/><dl class='gallery-item'>\n\t\t\t<dt class='gallery-icon landscape'>\n\t\t\t\t<a class=\"thumbnail\" href='https:\/\/otus-podatki.pl\/de\/wp-content\/uploads\/sites\/3\/2015\/06\/2292serve11-opt.jpg'><img loading=\"lazy\" decoding=\"async\" width=\"150\" height=\"150\" src=\"https:\/\/otus-podatki.pl\/de\/wp-content\/uploads\/sites\/3\/2015\/06\/2292serve11-opt-150x150.jpg\" class=\"attachment-thumbnail size-thumbnail\" alt=\"\" srcset=\"https:\/\/otus-podatki.pl\/de\/wp-content\/uploads\/sites\/3\/2015\/06\/2292serve11-opt-150x150.jpg 150w, https:\/\/otus-podatki.pl\/de\/wp-content\/uploads\/sites\/3\/2015\/06\/2292serve11-opt-125x125.jpg 125w\" sizes=\"auto, (max-width: 150px) 100vw, 150px\" \/><\/a>\n\t\t\t<\/dt><\/dl><dl class='gallery-item'>\n\t\t\t<dt class='gallery-icon landscape'>\n\t\t\t\t<a class=\"thumbnail\" href='https:\/\/otus-podatki.pl\/de\/wp-content\/uploads\/sites\/3\/2015\/06\/2293serve6-opt.jpg'><img loading=\"lazy\" decoding=\"async\" width=\"150\" height=\"150\" src=\"https:\/\/otus-podatki.pl\/de\/wp-content\/uploads\/sites\/3\/2015\/06\/2293serve6-opt-150x150.jpg\" class=\"attachment-thumbnail size-thumbnail\" alt=\"\" srcset=\"https:\/\/otus-podatki.pl\/de\/wp-content\/uploads\/sites\/3\/2015\/06\/2293serve6-opt-150x150.jpg 150w, https:\/\/otus-podatki.pl\/de\/wp-content\/uploads\/sites\/3\/2015\/06\/2293serve6-opt-125x125.jpg 125w\" sizes=\"auto, (max-width: 150px) 100vw, 150px\" \/><\/a>\n\t\t\t<\/dt><\/dl><dl class='gallery-item'>\n\t\t\t<dt class='gallery-icon landscape'>\n\t\t\t\t<a class=\"thumbnail\" href='https:\/\/otus-podatki.pl\/de\/wp-content\/uploads\/sites\/3\/2015\/06\/2295serve8-opt.jpg'><img loading=\"lazy\" decoding=\"async\" width=\"150\" height=\"150\" src=\"https:\/\/otus-podatki.pl\/de\/wp-content\/uploads\/sites\/3\/2015\/06\/2295serve8-opt-150x150.jpg\" class=\"attachment-thumbnail size-thumbnail\" alt=\"\" srcset=\"https:\/\/otus-podatki.pl\/de\/wp-content\/uploads\/sites\/3\/2015\/06\/2295serve8-opt-150x150.jpg 150w, https:\/\/otus-podatki.pl\/de\/wp-content\/uploads\/sites\/3\/2015\/06\/2295serve8-opt-125x125.jpg 125w\" sizes=\"auto, (max-width: 150px) 100vw, 150px\" \/><\/a>\n\t\t\t<\/dt><\/dl><dl class='gallery-item'>\n\t\t\t<dt class='gallery-icon landscape'>\n\t\t\t\t<a class=\"thumbnail\" href='https:\/\/otus-podatki.pl\/de\/wp-content\/uploads\/sites\/3\/2015\/06\/2296serve1-opt.jpg'><img loading=\"lazy\" decoding=\"async\" width=\"150\" height=\"150\" src=\"https:\/\/otus-podatki.pl\/de\/wp-content\/uploads\/sites\/3\/2015\/06\/2296serve1-opt-150x150.jpg\" class=\"attachment-thumbnail size-thumbnail\" alt=\"\" srcset=\"https:\/\/otus-podatki.pl\/de\/wp-content\/uploads\/sites\/3\/2015\/06\/2296serve1-opt-150x150.jpg 150w, https:\/\/otus-podatki.pl\/de\/wp-content\/uploads\/sites\/3\/2015\/06\/2296serve1-opt-125x125.jpg 125w\" sizes=\"auto, (max-width: 150px) 100vw, 150px\" \/><\/a>\n\t\t\t<\/dt><\/dl><br style=\"clear: both\" \/><dl class='gallery-item'>\n\t\t\t<dt class='gallery-icon portrait'>\n\t\t\t\t<a class=\"thumbnail\" href='https:\/\/otus-podatki.pl\/de\/wp-content\/uploads\/sites\/3\/2015\/06\/6010certyfikatvat2013GrabskaOK-opt.jpg'><img loading=\"lazy\" decoding=\"async\" width=\"150\" height=\"150\" src=\"https:\/\/otus-podatki.pl\/de\/wp-content\/uploads\/sites\/3\/2015\/06\/6010certyfikatvat2013GrabskaOK-opt-150x150.jpg\" class=\"attachment-thumbnail size-thumbnail\" alt=\"\" srcset=\"https:\/\/otus-podatki.pl\/de\/wp-content\/uploads\/sites\/3\/2015\/06\/6010certyfikatvat2013GrabskaOK-opt-150x150.jpg 150w, https:\/\/otus-podatki.pl\/de\/wp-content\/uploads\/sites\/3\/2015\/06\/6010certyfikatvat2013GrabskaOK-opt-125x125.jpg 125w\" sizes=\"auto, (max-width: 150px) 100vw, 150px\" \/><\/a>\n\t\t\t<\/dt><\/dl><dl class='gallery-item'>\n\t\t\t<dt class='gallery-icon portrait'>\n\t\t\t\t<a class=\"thumbnail\" href='https:\/\/otus-podatki.pl\/de\/wp-content\/uploads\/sites\/3\/2015\/06\/6201otus_szybkipit_2014_podziekowania-opt.jpg'><img loading=\"lazy\" decoding=\"async\" width=\"150\" height=\"150\" src=\"https:\/\/otus-podatki.pl\/de\/wp-content\/uploads\/sites\/3\/2015\/06\/6201otus_szybkipit_2014_podziekowania-opt-150x150.jpg\" class=\"attachment-thumbnail size-thumbnail\" alt=\"\" srcset=\"https:\/\/otus-podatki.pl\/de\/wp-content\/uploads\/sites\/3\/2015\/06\/6201otus_szybkipit_2014_podziekowania-opt-150x150.jpg 150w, https:\/\/otus-podatki.pl\/de\/wp-content\/uploads\/sites\/3\/2015\/06\/6201otus_szybkipit_2014_podziekowania-opt-125x125.jpg 125w\" sizes=\"auto, (max-width: 150px) 100vw, 150px\" \/><\/a>\n\t\t\t<\/dt><\/dl><dl class='gallery-item'>\n\t\t\t<dt class='gallery-icon landscape'>\n\t\t\t\t<a class=\"thumbnail\" href='https:\/\/otus-podatki.pl\/de\/wp-content\/uploads\/sites\/3\/2015\/06\/OTUS_certyfikat_Grabska_rachunkowosc_orgpoz.jpg'><img loading=\"lazy\" decoding=\"async\" width=\"150\" height=\"150\" src=\"https:\/\/otus-podatki.pl\/de\/wp-content\/uploads\/sites\/3\/2015\/06\/OTUS_certyfikat_Grabska_rachunkowosc_orgpoz-150x150.jpg\" class=\"attachment-thumbnail size-thumbnail\" alt=\"\" srcset=\"https:\/\/otus-podatki.pl\/de\/wp-content\/uploads\/sites\/3\/2015\/06\/OTUS_certyfikat_Grabska_rachunkowosc_orgpoz-150x150.jpg 150w, https:\/\/otus-podatki.pl\/de\/wp-content\/uploads\/sites\/3\/2015\/06\/OTUS_certyfikat_Grabska_rachunkowosc_orgpoz-125x125.jpg 125w\" sizes=\"auto, (max-width: 150px) 100vw, 150px\" \/><\/a>\n\t\t\t<\/dt><\/dl>\n\t\t\t<br style='clear: both' \/>\n\t\t<\/div>\n\n","protected":false},"excerpt":{"rendered":"<p>Wir verf\u00fcgen \u00fcber die von dem Finanzministerium erteilten Qualifikationszeugnisse Nr. 20153\/2007 und 25142\/2008, welche uns berechtigen, die Dienstleistungen im Bereich der F\u00fchrung von Handelsb\u00fcchern zu erbringen. Nachstehend sind unsere Zertifikate erh\u00e4ltlich (Klicken Sie bitte auf das Kleinformat).<\/p>\n","protected":false},"author":1,"featured_media":114,"parent":0,"menu_order":0,"comment_status":"closed","ping_status":"closed","template":"","meta":{"footnotes":""},"class_list":["post-12","page","type-page","status-publish","has-post-thumbnail","hentry"],"_links":{"self":[{"href":"https:\/\/otus-podatki.pl\/de\/wp-json\/wp\/v2\/pages\/12","targetHints":{"allow":["GET"]}}],"collection":[{"href":"https:\/\/otus-podatki.pl\/de\/wp-json\/wp\/v2\/pages"}],"about":[{"href":"https:\/\/otus-podatki.pl\/de\/wp-json\/wp\/v2\/types\/page"}],"author":[{"embeddable":true,"href":"https:\/\/otus-podatki.pl\/de\/wp-json\/wp\/v2\/users\/1"}],"replies":[{"embeddable":true,"href":"https:\/\/otus-podatki.pl\/de\/wp-json\/wp\/v2\/comments?post=12"}],"version-history":[{"count":9,"href":"https:\/\/otus-podatki.pl\/de\/wp-json\/wp\/v2\/pages\/12\/revisions"}],"predecessor-version":[{"id":205,"href":"https:\/\/otus-podatki.pl\/de\/wp-json\/wp\/v2\/pages\/12\/revisions\/205"}],"wp:featuredmedia":[{"embeddable":true,"href":"https:\/\/otus-podatki.pl\/de\/wp-json\/wp\/v2\/media\/114"}],"wp:attachment":[{"href":"https:\/\/otus-podatki.pl\/de\/wp-json\/wp\/v2\/media?parent=12"}],"curies":[{"name":"wp","href":"https:\/\/api.w.org\/{rel}","templated":true}]}}