{"id":14,"date":"2015-06-08T15:26:34","date_gmt":"2015-06-08T13:26:34","guid":{"rendered":"http:\/\/www.de.otus-podatki.pl\/?page_id=14"},"modified":"2023-04-02T18:47:26","modified_gmt":"2023-04-02T16:47:26","slug":"interessante-informationen","status":"publish","type":"page","link":"https:\/\/otus-podatki.pl\/de\/interessante-informationen\/","title":{"rendered":"Interessante Informationen"},"content":{"rendered":"<p style=\"text-align: justify;\">Auf diesen Unterseiten m\u00f6chten wir Ihnen die Sammlung von -unserer Meinung nach- wesentlichsten und interessantesten Seiten darstellen, welche mit der F\u00fchrung der Wirtschaftst\u00e4tigkeit und Steuerangelegenheiten verbunden sind.<\/p>\n<p style=\"text-align: justify;\">Dank dieser Seiten k\u00f6nnen Sie unter anderem das zust\u00e4ndige Finanzamt finden, den Rechner von Verg\u00fctungen oder Beitr\u00e4gen zur Sozialen Versicherungsanstalt benutzen und auch sich mit Aktualit\u00e4ten auf dem Finanzmarkt vertraut machen.<\/p>\n<p style=\"text-align: justify;\">Dar\u00fcber hinaus haben wir den Kalender \u00a0von wichtigsten Terminen der Bezahlung von Steuern, Beitr\u00e4gen zur Sozialen Versicherungsanstalt und Abgabe von Erkl\u00e4rungen angegeben.<\/p>\n<p style=\"text-align: justify;\">Wir laden Sie ein, unser <em>Wissens-Zentrum<\/em> in Anspruch zu nehmen!<\/p>\n","protected":false},"excerpt":{"rendered":"<p>Auf diesen Unterseiten m\u00f6chten wir Ihnen die Sammlung von -unserer Meinung nach- wesentlichsten und interessantesten Seiten darstellen, welche mit der F\u00fchrung der Wirtschaftst\u00e4tigkeit und Steuerangelegenheiten verbunden sind. Dank dieser Seiten k\u00f6nnen Sie unter anderem das zust\u00e4ndige Finanzamt finden, den Rechner von Verg\u00fctungen oder Beitr\u00e4gen zur Sozialen Versicherungsanstalt benutzen und auch sich mit Aktualit\u00e4ten auf dem&#8230;  <\/p>\n<p style=\"margin-bottom: 0px;\"><a href=\"https:\/\/otus-podatki.pl\/de\/interessante-informationen\/\" class=\"button more-link\" title=\"Interessante Informationen\"><span>Weiterlesen<\/span><\/a><\/p>\n","protected":false},"author":1,"featured_media":112,"parent":0,"menu_order":0,"comment_status":"closed","ping_status":"open","template":"","meta":{"footnotes":""},"class_list":["post-14","page","type-page","status-publish","has-post-thumbnail","hentry"],"_links":{"self":[{"href":"https:\/\/otus-podatki.pl\/de\/wp-json\/wp\/v2\/pages\/14","targetHints":{"allow":["GET"]}}],"collection":[{"href":"https:\/\/otus-podatki.pl\/de\/wp-json\/wp\/v2\/pages"}],"about":[{"href":"https:\/\/otus-podatki.pl\/de\/wp-json\/wp\/v2\/types\/page"}],"author":[{"embeddable":true,"href":"https:\/\/otus-podatki.pl\/de\/wp-json\/wp\/v2\/users\/1"}],"replies":[{"embeddable":true,"href":"https:\/\/otus-podatki.pl\/de\/wp-json\/wp\/v2\/comments?post=14"}],"version-history":[{"count":3,"href":"https:\/\/otus-podatki.pl\/de\/wp-json\/wp\/v2\/pages\/14\/revisions"}],"predecessor-version":[{"id":129,"href":"https:\/\/otus-podatki.pl\/de\/wp-json\/wp\/v2\/pages\/14\/revisions\/129"}],"wp:featuredmedia":[{"embeddable":true,"href":"https:\/\/otus-podatki.pl\/de\/wp-json\/wp\/v2\/media\/112"}],"wp:attachment":[{"href":"https:\/\/otus-podatki.pl\/de\/wp-json\/wp\/v2\/media?parent=14"}],"curies":[{"name":"wp","href":"https:\/\/api.w.org\/{rel}","templated":true}]}}