{"id":16,"date":"2015-06-08T15:28:18","date_gmt":"2015-06-08T13:28:18","guid":{"rendered":"http:\/\/www.de.otus-podatki.pl\/?page_id=16"},"modified":"2023-11-09T17:41:57","modified_gmt":"2023-11-09T16:41:57","slug":"kontakt","status":"publish","type":"page","link":"https:\/\/otus-podatki.pl\/de\/kontakt\/","title":{"rendered":"Kontakt"},"content":{"rendered":"<p style=\"text-align: justify;\">Wir laden Sie ein, mit unserer Firma Kontakt aufzunehmen. Wir stellen Ihnen gerne die ausf\u00fchrlichen Informationen bez\u00fcglich der Einsch\u00e4tzung von den Buchhaltungsdienstleistungen dar. Wir laden Sie ein!<\/p>\n<table style=\"width: 100%; border: 0px;\">\n<tbody>\n<tr>\n<td style=\"width: 50%; border: 0px; vertical-align: top;\"><strong>Kancelaria Rachunkowo-Podatkowa OTUS<br \/>\n[Buchhaltungs-Steuerkanzlei OTUS]<\/strong><br \/>\nAl. Bohater\u00f3w Warszawy 24\/29<br \/>\n70-372 Szczecin<br \/>\nNIP [Steueridentifikationsnummer]:<br \/>\nPL8522627529<\/td>\n<td style=\"width: 50%; border: 0px; vertical-align: top;\">\n<table>\n<tbody>\n<tr>\n<td>Tel<\/td>\n<td><strong><a style=\"margin: 0px 0px 0px 10px;\" href=\"callto:0048918201216\">+48 91 820 12 16<\/a><\/strong><\/td>\n<\/tr>\n<tr>\n<td>Handy<\/td>\n<td><strong><a style=\"margin: 0px 0px 0px 10px;\" href=\"callto:0048608377347\">+48 608 377 347<\/a><\/strong><\/td>\n<\/tr>\n<tr>\n<td>E-mail<\/td>\n<td><a style=\"margin: 0px 0px 0px 10px;\" href=\"mailto:otus@otus-podatki.pl\">otus@otuspodatki.pl<\/a><\/td>\n<\/tr>\n<\/tbody>\n<\/table>\n<\/td>\n<\/tr>\n<\/tbody>\n<\/table>\n<h3>Kontakt Formular<\/h3>\n\n<div class=\"wpcf7 no-js\" id=\"wpcf7-f66-o1\" lang=\"de-DE\" dir=\"ltr\" data-wpcf7-id=\"66\">\n<div class=\"screen-reader-response\"><p role=\"status\" aria-live=\"polite\" aria-atomic=\"true\"><\/p> <ul><\/ul><\/div>\n<form action=\"\/de\/wp-json\/wp\/v2\/pages\/16#wpcf7-f66-o1\" method=\"post\" class=\"wpcf7-form init\" aria-label=\"Kontaktformular\" novalidate=\"novalidate\" data-status=\"init\">\n<fieldset class=\"hidden-fields-container\"><input type=\"hidden\" name=\"_wpcf7\" value=\"66\" \/><input type=\"hidden\" name=\"_wpcf7_version\" value=\"6.1.5\" \/><input type=\"hidden\" name=\"_wpcf7_locale\" value=\"de_DE\" \/><input type=\"hidden\" name=\"_wpcf7_unit_tag\" value=\"wpcf7-f66-o1\" \/><input type=\"hidden\" name=\"_wpcf7_container_post\" value=\"0\" \/><input type=\"hidden\" name=\"_wpcf7_posted_data_hash\" value=\"\" \/><input type=\"hidden\" name=\"_wpcf7_recaptcha_response\" value=\"\" \/>\n<\/fieldset>\n<div class=\"row\">\n\t<div class=\"col-sm-4\">\n\t\t<p><span class=\"wpcf7-form-control-wrap\" data-name=\"your-name\"><input size=\"40\" maxlength=\"400\" class=\"wpcf7-form-control wpcf7-text wpcf7-validates-as-required form-control\" aria-required=\"true\" aria-invalid=\"false\" placeholder=\"Vorname und Nachname\" value=\"\" type=\"text\" name=\"your-name\" \/><\/span>\n\t\t<\/p>\n\t<\/div>\n\t<div class=\"col-sm-4\">\n\t\t<p><span class=\"wpcf7-form-control-wrap\" data-name=\"your-email\"><input size=\"40\" maxlength=\"400\" class=\"wpcf7-form-control wpcf7-email wpcf7-validates-as-required wpcf7-text wpcf7-validates-as-email form-control\" aria-required=\"true\" aria-invalid=\"false\" placeholder=\"E-Mail-Adresse\" value=\"\" type=\"email\" name=\"your-email\" \/><\/span>\n\t\t<\/p>\n\t<\/div>\n\t<div class=\"col-sm-4\">\n\t\t<p><span class=\"wpcf7-form-control-wrap\" data-name=\"your-phone\"><input size=\"40\" maxlength=\"400\" class=\"wpcf7-form-control wpcf7-text form-control\" aria-invalid=\"false\" placeholder=\"Telefonnummer\" value=\"\" type=\"text\" name=\"your-phone\" \/><\/span>\n\t\t<\/p>\n\t<\/div>\n<\/div>\n<div class=\"row\">\n\t<div class=\"col-sm-12\">\n\t\t<p><span class=\"wpcf7-form-control-wrap\" data-name=\"your-message\"><textarea cols=\"40\" rows=\"10\" maxlength=\"2000\" class=\"wpcf7-form-control wpcf7-textarea wpcf7-validates-as-required form-control\" aria-required=\"true\" aria-invalid=\"false\" placeholder=\"Nachricht\" name=\"your-message\"><\/textarea><\/span>\n\t\t<\/p>\n\t<\/div>\n<\/div>\n<div class=\"row\">\n\t<div class=\"col-sm-12\">\n\t\t<p><span class=\"wpcf7-form-control-wrap\" data-name=\"your-consent\"><span class=\"wpcf7-form-control wpcf7-acceptance\"><span class=\"wpcf7-list-item\"><label><input type=\"checkbox\" name=\"your-consent\" value=\"1\" aria-invalid=\"false\" \/><span class=\"wpcf7-list-item-label\">Ich erkl\u00e4re, dass ich die <a href=\"\/polityka-prywatnosci\">Datenschutzerkl\u00e4rung<\/a> gelesen habe.<\/span><\/label><\/span><\/span><\/span>\n\t\t<\/p>\n\t\t<p><small>This site is protected by reCAPTCHA and the Google <a href=\"https:\/\/policies.google.com\/privacy\">Privacy Policy<\/a> and <a href=\"https:\/\/policies.google.com\/terms\">Terms of Service<\/a> apply.<\/small>\n\t\t<\/p>\n\t<\/div>\n<\/div>\n<div class=\"row\">\n\t<div class=\"col-sm-6\">\n\t\n\t<\/div>\n\t<div class=\"row\">\n\t\t<p><input class=\"wpcf7-form-control wpcf7-submit has-spinner btn btn-success\" type=\"submit\" value=\"Senden\" \/>\n\t\t<\/p>\n\t<\/div>\n<\/div><input type='hidden' class='wpcf7-pum' value='{\"closepopup\":false,\"closedelay\":0,\"openpopup\":false,\"openpopup_id\":0}' \/><div class=\"wpcf7-response-output\" aria-hidden=\"true\"><\/div>\n<\/form>\n<\/div>\n\n<h3>Standort-Check<\/h3>\n\n","protected":false},"excerpt":{"rendered":"<p>Wir laden Sie ein, mit unserer Firma Kontakt aufzunehmen. Wir stellen Ihnen gerne die ausf\u00fchrlichen Informationen bez\u00fcglich der Einsch\u00e4tzung von den Buchhaltungsdienstleistungen dar. Wir laden Sie ein! Kancelaria Rachunkowo-Podatkowa OTUS [Buchhaltungs-Steuerkanzlei OTUS] Al. Bohater\u00f3w Warszawy 24\/29 70-372 Szczecin NIP [Steueridentifikationsnummer]: PL8522627529 Tel +48 91 820 12 16 Handy +48 608 377 347 E-mail otus@otuspodatki.pl Kontakt&#8230;  <\/p>\n<p style=\"margin-bottom: 0px;\"><a href=\"https:\/\/otus-podatki.pl\/de\/kontakt\/\" class=\"button more-link\" title=\"Kontakt\"><span>Weiterlesen<\/span><\/a><\/p>\n","protected":false},"author":1,"featured_media":142,"parent":0,"menu_order":0,"comment_status":"closed","ping_status":"closed","template":"","meta":{"footnotes":""},"class_list":["post-16","page","type-page","status-publish","has-post-thumbnail","hentry"],"_links":{"self":[{"href":"https:\/\/otus-podatki.pl\/de\/wp-json\/wp\/v2\/pages\/16","targetHints":{"allow":["GET"]}}],"collection":[{"href":"https:\/\/otus-podatki.pl\/de\/wp-json\/wp\/v2\/pages"}],"about":[{"href":"https:\/\/otus-podatki.pl\/de\/wp-json\/wp\/v2\/types\/page"}],"author":[{"embeddable":true,"href":"https:\/\/otus-podatki.pl\/de\/wp-json\/wp\/v2\/users\/1"}],"replies":[{"embeddable":true,"href":"https:\/\/otus-podatki.pl\/de\/wp-json\/wp\/v2\/comments?post=16"}],"version-history":[{"count":14,"href":"https:\/\/otus-podatki.pl\/de\/wp-json\/wp\/v2\/pages\/16\/revisions"}],"predecessor-version":[{"id":267,"href":"https:\/\/otus-podatki.pl\/de\/wp-json\/wp\/v2\/pages\/16\/revisions\/267"}],"wp:featuredmedia":[{"embeddable":true,"href":"https:\/\/otus-podatki.pl\/de\/wp-json\/wp\/v2\/media\/142"}],"wp:attachment":[{"href":"https:\/\/otus-podatki.pl\/de\/wp-json\/wp\/v2\/media?parent=16"}],"curies":[{"name":"wp","href":"https:\/\/api.w.org\/{rel}","templated":true}]}}