{"id":41,"date":"2015-06-09T09:46:35","date_gmt":"2015-06-09T07:46:35","guid":{"rendered":"http:\/\/www.de.otus-podatki.pl\/?page_id=41"},"modified":"2023-04-02T18:47:29","modified_gmt":"2023-04-02T16:47:29","slug":"sicherheit","status":"publish","type":"page","link":"https:\/\/otus-podatki.pl\/de\/uber-uns\/sicherheit\/","title":{"rendered":"Sicherheit"},"content":{"rendered":"<p style=\"text-align: justify;\">Zur Sicherheit unserer Kunden hat unser Buchhaltungsb\u00fcro eine <strong>Haftpflichtversicherung<\/strong> bei PZU [Allgemeine Versicherungsanstalt] abgeschlossen, was bedeutet, dass die Haftung f\u00fcr die erbrachten Dienstleistungen im vollen Umfang getragen wird.<\/p>\n<p style=\"text-align: justify;\">Zur Erbringung von Dienstleistungen im Bereich der F\u00fchrung von Handelsb\u00fcchern sind wir aufgrund der <strong>von dem Finanzministerium erteilten Qualifikationszeugnisse<\/strong> <strong>Nr.<\/strong> 20153\/2007 und 25142\/2008 berechtigt.<\/p>\n<p style=\"text-align: justify;\">Wir benutzen die legalen und genehmigten Software-Programme, wie:<\/p>\n<ul style=\"text-align: justify;\">\n<li>Buchhaltungssoftware: Rewizor und Rachmistrz von der Firma Insert,<\/li>\n<li>Personal-Lohnsoftware: Gratyfikant der Firma Insert,<\/li>\n<li><span class=\"VIiyi\" lang=\"de\"><span class=\"JLqJ4b ChMk0b\" data-language-for-alternatives=\"de\" data-language-to-translate-into=\"en\" data-phrase-index=\"0\" data-number-of-phrases=\"1\">automatisierte Rechnungserkennung und -verarbeitung: Scanye<\/span><\/span>,<\/li>\n<li>Erstellung von ZUS<sub>[Soziale Versicherungsanstalt]<\/sub>-Erkl\u00e4rungen: P\u0142atnik,<\/li>\n<li>Antivirenprogramm: Norton Security Premium.<\/li>\n<\/ul>\n<p style=\"text-align: justify;\">Wir verf\u00fcgen auch \u00fcber ein <strong>qualifizierendes Zertifikat<\/strong>, das uns erlaubt, die ZUS [Soziale Versicherungsanstalt] -Erkl\u00e4rungen, Steuererkl\u00e4rungen und andere Dokumenten elektronisch zu unterzeichnen.<\/p>\n","protected":false},"excerpt":{"rendered":"<p>Zur Sicherheit unserer Kunden hat unser Buchhaltungsb\u00fcro eine Haftpflichtversicherung bei PZU [Allgemeine Versicherungsanstalt] abgeschlossen, was bedeutet, dass die Haftung f\u00fcr die erbrachten Dienstleistungen im vollen Umfang getragen wird. Zur Erbringung von Dienstleistungen im Bereich der F\u00fchrung von Handelsb\u00fcchern sind wir aufgrund der von dem Finanzministerium erteilten Qualifikationszeugnisse Nr. 20153\/2007 und 25142\/2008 berechtigt. Wir benutzen die&#8230;  <\/p>\n<p style=\"margin-bottom: 0px;\"><a href=\"https:\/\/otus-podatki.pl\/de\/uber-uns\/sicherheit\/\" class=\"button more-link\" title=\"Sicherheit\"><span>Weiterlesen<\/span><\/a><\/p>\n","protected":false},"author":1,"featured_media":115,"parent":8,"menu_order":0,"comment_status":"closed","ping_status":"open","template":"","meta":{"footnotes":""},"class_list":["post-41","page","type-page","status-publish","has-post-thumbnail","hentry"],"_links":{"self":[{"href":"https:\/\/otus-podatki.pl\/de\/wp-json\/wp\/v2\/pages\/41","targetHints":{"allow":["GET"]}}],"collection":[{"href":"https:\/\/otus-podatki.pl\/de\/wp-json\/wp\/v2\/pages"}],"about":[{"href":"https:\/\/otus-podatki.pl\/de\/wp-json\/wp\/v2\/types\/page"}],"author":[{"embeddable":true,"href":"https:\/\/otus-podatki.pl\/de\/wp-json\/wp\/v2\/users\/1"}],"replies":[{"embeddable":true,"href":"https:\/\/otus-podatki.pl\/de\/wp-json\/wp\/v2\/comments?post=41"}],"version-history":[{"count":6,"href":"https:\/\/otus-podatki.pl\/de\/wp-json\/wp\/v2\/pages\/41\/revisions"}],"predecessor-version":[{"id":249,"href":"https:\/\/otus-podatki.pl\/de\/wp-json\/wp\/v2\/pages\/41\/revisions\/249"}],"up":[{"embeddable":true,"href":"https:\/\/otus-podatki.pl\/de\/wp-json\/wp\/v2\/pages\/8"}],"wp:featuredmedia":[{"embeddable":true,"href":"https:\/\/otus-podatki.pl\/de\/wp-json\/wp\/v2\/media\/115"}],"wp:attachment":[{"href":"https:\/\/otus-podatki.pl\/de\/wp-json\/wp\/v2\/media?parent=41"}],"curies":[{"name":"wp","href":"https:\/\/api.w.org\/{rel}","templated":true}]}}