{"id":51,"date":"2015-06-09T09:48:07","date_gmt":"2015-06-09T07:48:07","guid":{"rendered":"http:\/\/www.de.otus-podatki.pl\/?page_id=51"},"modified":"2023-04-02T18:47:27","modified_gmt":"2023-04-02T16:47:27","slug":"interessante-links-fur-die-unternehmer","status":"publish","type":"page","link":"https:\/\/otus-podatki.pl\/de\/interessante-informationen\/interessante-links-fur-die-unternehmer\/","title":{"rendered":"Interessante Links f\u00fcr die Unternehmer"},"content":{"rendered":"<p style=\"text-align: justify;\">Auf den nachstehenden Seiten finden Sie viele n\u00fctzlichen Informationen, die mit der F\u00fchrung der Wirtschaftst\u00e4tigkeit, und nicht nur, verbunden sind:<\/p>\n<ul style=\"text-align: justify;\">\n<li><a href=\"http:\/\/pit.pl\/\" target=\"_blank\" rel=\"nofollow noopener\">PIT.pl<\/a> und <a href=\"http:\/\/vat.pl\/\" target=\"_blank\" rel=\"nofollow noopener\">VAT.pl<\/a><\/li>\n<\/ul>\n<p style=\"text-align: justify;\">Es handelt sich hier um die Seiten, welche den Steuerangelegenheiten und der F\u00fchrung der Wirtschaftst\u00e4tigkeit gewidmet sind; sie enthalten viele in einfacher Form angegebene Informationen;<\/p>\n<ul style=\"text-align: justify;\">\n<li><a href=\"https:\/\/www.pit.pl\/wskazniki\/\" target=\"_blank\" rel=\"nofollow noopener\">Wska\u017aniki\u00a0podatkowe<\/a> und <a href=\"http:\/\/www.pit.pl\/kalkulatory\/\" target=\"_blank\" rel=\"nofollow noopener\">kalkulatory<\/a><\/li>\n<\/ul>\n<p style=\"text-align: justify;\">Die Sammlung von vielen Indexen, welche sich auf die Steuer, Wirtschaftst\u00e4tigkeit, MWSt., Soziale Versicherungsanstalt und andere beziehen, sowie auch die Rechner, welche die Berechnung von zum Beispiel Beitr\u00e4gen zur Sozialen Versicherungsanstalt, Verg\u00fctungen, Zinsen und Steuern erm\u00f6glichen;<\/p>\n<ul style=\"text-align: justify;\">\n<li><a href=\"http:\/\/www.money.pl\/\" target=\"_blank\" rel=\"nofollow noopener\">Money.pl<\/a><\/li>\n<\/ul>\n<p style=\"text-align: justify;\">Finanzportal, welches unter anderem die Notierungen von GPW <sub><em>[B\u00f6rse von Wertpapieren]<\/em><\/sub>, Indexe, W\u00e4hrungskurse, Zinss\u00e4tze, WIBOR <sub><em>[<\/em><\/sub><sub><em>Warsaw Interbank Offered Rate]<\/em><\/sub>-, LIBOR<sub><em>[<\/em><\/sub><sub><em>London Interbank Offered Rate]<\/em><\/sub>&#8211; Indexe, Aufstellungen von Bank- und Fondsangeboten, und viele anderen angibt;<\/p>\n<ul style=\"text-align: justify;\">\n<li><a href=\"http:\/\/isap.sejm.gov.pl\/\" target=\"_blank\" rel=\"nofollow noopener\">Internetowy System Akt\u00f3w Prawnych<\/a><\/li>\n<\/ul>\n<p style=\"text-align: justify;\">Die Seite des Sejms der Republik Polen, welche erm\u00f6glicht, die im Gesetzblatt und im Polnischen Amtsblatt ver\u00f6ffentlichten Texte von Rechtsakten zu finden; in meisten F\u00e4llen ist der aktuelle einheitliche Text von Gesetzen und auch die Liste von Ausf\u00fchrungs- und verbundenen Akten erh\u00e4ltlich;<\/p>\n","protected":false},"excerpt":{"rendered":"<p>Auf den nachstehenden Seiten finden Sie viele n\u00fctzlichen Informationen, die mit der F\u00fchrung der Wirtschaftst\u00e4tigkeit, und nicht nur, verbunden sind: PIT.pl und VAT.pl Es handelt sich hier um die Seiten, welche den Steuerangelegenheiten und der F\u00fchrung der Wirtschaftst\u00e4tigkeit gewidmet sind; sie enthalten viele in einfacher Form angegebene Informationen; Wska\u017aniki\u00a0podatkowe und kalkulatory Die Sammlung von vielen&#8230;  <\/p>\n<p style=\"margin-bottom: 0px;\"><a href=\"https:\/\/otus-podatki.pl\/de\/interessante-informationen\/interessante-links-fur-die-unternehmer\/\" class=\"button more-link\" title=\"Interessante Links f\u00fcr die Unternehmer\"><span>Weiterlesen<\/span><\/a><\/p>\n","protected":false},"author":1,"featured_media":112,"parent":14,"menu_order":0,"comment_status":"closed","ping_status":"open","template":"","meta":{"footnotes":""},"class_list":["post-51","page","type-page","status-publish","has-post-thumbnail","hentry"],"_links":{"self":[{"href":"https:\/\/otus-podatki.pl\/de\/wp-json\/wp\/v2\/pages\/51","targetHints":{"allow":["GET"]}}],"collection":[{"href":"https:\/\/otus-podatki.pl\/de\/wp-json\/wp\/v2\/pages"}],"about":[{"href":"https:\/\/otus-podatki.pl\/de\/wp-json\/wp\/v2\/types\/page"}],"author":[{"embeddable":true,"href":"https:\/\/otus-podatki.pl\/de\/wp-json\/wp\/v2\/users\/1"}],"replies":[{"embeddable":true,"href":"https:\/\/otus-podatki.pl\/de\/wp-json\/wp\/v2\/comments?post=51"}],"version-history":[{"count":5,"href":"https:\/\/otus-podatki.pl\/de\/wp-json\/wp\/v2\/pages\/51\/revisions"}],"predecessor-version":[{"id":250,"href":"https:\/\/otus-podatki.pl\/de\/wp-json\/wp\/v2\/pages\/51\/revisions\/250"}],"up":[{"embeddable":true,"href":"https:\/\/otus-podatki.pl\/de\/wp-json\/wp\/v2\/pages\/14"}],"wp:featuredmedia":[{"embeddable":true,"href":"https:\/\/otus-podatki.pl\/de\/wp-json\/wp\/v2\/media\/112"}],"wp:attachment":[{"href":"https:\/\/otus-podatki.pl\/de\/wp-json\/wp\/v2\/media?parent=51"}],"curies":[{"name":"wp","href":"https:\/\/api.w.org\/{rel}","templated":true}]}}