{"id":53,"date":"2015-06-09T09:48:17","date_gmt":"2015-06-09T07:48:17","guid":{"rendered":"http:\/\/www.de.otus-podatki.pl\/?page_id=53"},"modified":"2023-04-02T18:47:27","modified_gmt":"2023-04-02T16:47:27","slug":"die-nutzlichen-links-an-die-behorden-und-einrichtungen","status":"publish","type":"page","link":"https:\/\/otus-podatki.pl\/de\/interessante-informationen\/die-nutzlichen-links-an-die-behorden-und-einrichtungen\/","title":{"rendered":"Die n\u00fctzlichen Links an die Beh\u00f6rden und Einrichtungen"},"content":{"rendered":"<p>Es kann n\u00fctzlich werden:<\/p>\n<ul>\n<li><a href=\"http:\/\/www.izba-skarbowa.szczecin.pl\/\" target=\"_blank\" rel=\"nofollow noopener\">Izba Skarbowa w Szczecinie<\/a><\/li>\n<\/ul>\n<p>Hier finden Sie unter anderem die Kontonummern und Anschriften von Finanz\u00e4mtern in der westpommerschen Woiwodschaft;<\/p>\n<ul>\n<li><a href=\"https:\/\/www.kis.gov.pl\/\" target=\"_blank\" rel=\"nofollow noopener\">Krajowa Informacja Skarbowa<\/a><\/li>\n<\/ul>\n<p>stellt ein Informationssystem im Bereich der von der polnischen Finanzverwaltung angewandten Prozeduren dar;<\/p>\n<ul>\n<li><a href=\"http:\/\/www.mf.gov.pl\/\" target=\"_blank\" rel=\"nofollow noopener\">Ministerstwo Finans\u00f3w<\/a><\/li>\n<\/ul>\n<p lang=\"de-DE\">hier sind die Informationen unter anderem \u00fcber Steuer, Zolldienste, \u00f6ffentliche Finanzen erh\u00e4ltlich;<\/p>\n<ul>\n<li><a href=\"http:\/\/www.zus.pl\/\" target=\"_blank\" rel=\"nofollow noopener\">Zak\u0142ad Ubezpiecze\u0144 Spo\u0142ecznych<\/a><\/li>\n<\/ul>\n<p>Hier finden Sie die Formulare, die neuste Version der Software P\u0142atnik <sub>[Zahler]<\/sub>, aktuelle S\u00e4tze der Beitr\u00e4ge;<\/p>\n<ul>\n<li><a href=\"http:\/\/www.pfron.org.pl\/portal\/pl\/\" target=\"_blank\" rel=\"nofollow noopener\">Pa\u0144stwowy Fundusz Rehabilitacji Os\u00f3b Niepe\u0142nosprawnych<\/a><\/li>\n<\/ul>\n<p>Hier finden Sie die Informationen \u00fcber die Zusch\u00fcsse bei der Einstellung von behinderten Personen;<\/p>\n<ul>\n<li><a href=\"https:\/\/www.izbapodatkowa.pl\/\">Krajowa Izba Podatkowa<\/a><\/li>\n<\/ul>\n","protected":false},"excerpt":{"rendered":"<p>Es kann n\u00fctzlich werden: Izba Skarbowa w Szczecinie Hier finden Sie unter anderem die Kontonummern und Anschriften von Finanz\u00e4mtern in der westpommerschen Woiwodschaft; Krajowa Informacja Skarbowa stellt ein Informationssystem im Bereich der von der polnischen Finanzverwaltung angewandten Prozeduren dar; Ministerstwo Finans\u00f3w hier sind die Informationen unter anderem \u00fcber Steuer, Zolldienste, \u00f6ffentliche Finanzen erh\u00e4ltlich; Zak\u0142ad Ubezpiecze\u0144&#8230;  <\/p>\n<p style=\"margin-bottom: 0px;\"><a href=\"https:\/\/otus-podatki.pl\/de\/interessante-informationen\/die-nutzlichen-links-an-die-behorden-und-einrichtungen\/\" class=\"button more-link\" title=\"Die n\u00fctzlichen Links an die Beh\u00f6rden und Einrichtungen\"><span>Weiterlesen<\/span><\/a><\/p>\n","protected":false},"author":1,"featured_media":112,"parent":14,"menu_order":0,"comment_status":"closed","ping_status":"open","template":"","meta":{"footnotes":""},"class_list":["post-53","page","type-page","status-publish","has-post-thumbnail","hentry"],"_links":{"self":[{"href":"https:\/\/otus-podatki.pl\/de\/wp-json\/wp\/v2\/pages\/53","targetHints":{"allow":["GET"]}}],"collection":[{"href":"https:\/\/otus-podatki.pl\/de\/wp-json\/wp\/v2\/pages"}],"about":[{"href":"https:\/\/otus-podatki.pl\/de\/wp-json\/wp\/v2\/types\/page"}],"author":[{"embeddable":true,"href":"https:\/\/otus-podatki.pl\/de\/wp-json\/wp\/v2\/users\/1"}],"replies":[{"embeddable":true,"href":"https:\/\/otus-podatki.pl\/de\/wp-json\/wp\/v2\/comments?post=53"}],"version-history":[{"count":5,"href":"https:\/\/otus-podatki.pl\/de\/wp-json\/wp\/v2\/pages\/53\/revisions"}],"predecessor-version":[{"id":252,"href":"https:\/\/otus-podatki.pl\/de\/wp-json\/wp\/v2\/pages\/53\/revisions\/252"}],"up":[{"embeddable":true,"href":"https:\/\/otus-podatki.pl\/de\/wp-json\/wp\/v2\/pages\/14"}],"wp:featuredmedia":[{"embeddable":true,"href":"https:\/\/otus-podatki.pl\/de\/wp-json\/wp\/v2\/media\/112"}],"wp:attachment":[{"href":"https:\/\/otus-podatki.pl\/de\/wp-json\/wp\/v2\/media?parent=53"}],"curies":[{"name":"wp","href":"https:\/\/api.w.org\/{rel}","templated":true}]}}