{"id":55,"date":"2015-06-09T09:48:29","date_gmt":"2015-06-09T07:48:29","guid":{"rendered":"http:\/\/www.de.otus-podatki.pl\/?page_id=55"},"modified":"2023-04-02T18:47:27","modified_gmt":"2023-04-02T16:47:27","slug":"terminkalender","status":"publish","type":"page","link":"https:\/\/otus-podatki.pl\/de\/interessante-informationen\/terminkalender\/","title":{"rendered":"Terminkalender"},"content":{"rendered":"<p style=\"text-align: justify;\"><strong>5<\/strong><strong>. Monatstag<\/strong><\/p>\n<ul style=\"text-align: justify;\">\n<li>Zahlungsfrist f\u00fcr die Sozialversicherungsbeitr\u00e4ge und Krankenversicherungsbeitr\u00e4ge, Beitr\u00e4ge f\u00fcr den Fonds f\u00fcr Arbeitslosengeld und Fonds f\u00fcr die arbeitsrechtlich garantierten Arbeitnehmeranspr\u00fcche, die von den Budgeteinheiten und Hilfsbetriebe bezahlt werden;<\/li>\n<\/ul>\n<p style=\"text-align: justify;\"><strong>7<\/strong><strong>. Monatstag<\/strong><\/p>\n<ul style=\"text-align: justify;\">\n<li>Zahlungsfrist f\u00fcr die Steuer in Form einer Lohnsteuerkarte;<\/li>\n<li>Zahlungsfrist f\u00fcr die Pauschalk\u00f6rperschaftssteuer f\u00fcr die Steuerpflichtigen, die ihren Sitz oder ihre Gesch\u00e4ftsf\u00fchrung auf dem Gebiet der Republik Polen nicht haben;<\/li>\n<li>Zahlungsfrist f\u00fcr die Pauschalk\u00f6rperschaftssteuer von den Einkommen aufgrund der Beteiligung am Gewinn, die im vergangenen Monat ausgezahlt worden sind;<\/li>\n<\/ul>\n<p style=\"text-align: justify;\"><strong>10<\/strong><strong>. Monatstag<\/strong><\/p>\n<ul style=\"text-align: justify;\">\n<li>Zahlungsfrist f\u00fcr die Sozialversicherungsbeitr\u00e4ge und Krankenversicherungsbeitr\u00e4ge, Beitr\u00e4ge f\u00fcr den Fonds f\u00fcr Arbeitslosengeld und Fonds f\u00fcr die arbeitsrechtlich garantierten Arbeitnehmeranspr\u00fcche von den nat\u00fcrlichen Personen, die die Beitr\u00e4ge ausschlie\u00dflich f\u00fcr sich selbst bezahlen;<\/li>\n<li>Zahlungsfrist zur Abgabe der INTRASTAT-Erkl\u00e4rung;<\/li>\n<\/ul>\n<p style=\"text-align: justify;\"><strong>15<\/strong><strong>. Monatstag<\/strong><\/p>\n<ul style=\"text-align: justify;\">\n<li>Zahlungsfrist f\u00fcr die Sozialversicherungsbeitr\u00e4ge und Krankenversicherungsbeitr\u00e4ge, Beitr\u00e4ge f\u00fcr den Fonds f\u00fcr Arbeitslosengeld und Fonds f\u00fcr die arbeitsrechtlich garantierten Arbeitnehmeranspr\u00fcche von sonstigen Zahlern;<\/li>\n<li>Frist zur Abgabe der zusammenfassenden Information EU-VAT (in der Papierform);<\/li>\n<li>Zahlungsfrist f\u00fcr die Liegenschaftssteueranzahlung und die Waldsteuer von juristischen Personen und von Einheiten ohne Rechtspers\u00f6nlichkeit;<\/li>\n<li>Zahlungsfrist f\u00fcr die Liegenschaftssteueranzahlung, der Wald- und Agrarsteuer (f\u00fcr nat\u00fcrliche Personen);<\/li>\n<li>Zahlungsfrist f\u00fcr die Agrarsteuer (f\u00fcr juristische Personen und Organisationseinheiten ohne Rechtspers\u00f6nlichkeit);<\/li>\n<\/ul>\n<p style=\"text-align: justify;\"><strong>20<\/strong><strong>. Monatstag<\/strong><\/p>\n<p style=\"text-align: justify;\">\n<ul style=\"text-align: justify;\">\n<li>Zahlungsfrist f\u00fcr die Einkommensteueranzahlung bez\u00fcglich der aufgrund des Arbeitsvertrages sowie wegen der Auftrags- und Werksavertr\u00e4ge eingestellten Mitarbeiter;<\/li>\n<li>Zahlungsfrist f\u00fcr die gesetzlichen Pauschalen im Bereich der Einkommensteuer;<\/li>\n<li>Zahlungsfrist f\u00fcr die Einkommensteueranzahlung bez\u00fcglich der aus der Wirtschaftst\u00e4tigkeit sowie aus Miet- und Pachtvertr\u00e4gen erzielten Einkommen;<\/li>\n<li>Zahlungsfrist f\u00fcr die lineare Einkommensteueranzahlung bez\u00fcglich der aus der Wirtschaftst\u00e4tigkeit erzielten Einkommen;<\/li>\n<li>\n<p lang=\"de-DE\">Zahlungsfrist f\u00fcr die Einkommensteueranzahlung bez\u00fcglich der Auslandseinkommen (aus einem Arbeitsverh\u00e4ltnis sowie aus Pensionen und Renten) sowie der anderen ohne Vermittlung des Zahlers erzielten Einkommen;<\/p>\n<\/li>\n<li>\n<p lang=\"de-DE\">Zahlungsfrist f\u00fcr die K\u00f6rperschaftssteueranzahlung;<\/p>\n<\/li>\n<li>Zahlungsfrist f\u00fcr Pauschaleinkommensteuer von Einnahmen der nat\u00fcrlichen Personen;<\/li>\n<li>Zahlungsfrist f\u00fcr den Beitrag zu PFRON<strong><sub>[<\/sub><\/strong><sub>Der<\/sub> <em><sub>Staatliche<\/sub><\/em> <sub>Fonds zur Rehabilitierung Behinderter Personen]<\/sub> ,<\/li>\n<\/ul>\n<p style=\"text-align: justify;\"><strong>25<\/strong><strong>. Monatstag<\/strong><\/p>\n<ul style=\"text-align: justify;\">\n<li>Frist zur Abgabe der Erkl\u00e4rung und f\u00fcr die Bezahlung der VAT- Steuer VAT (VAT-7, VAT-7K, VAT-8, VAT-12);<\/li>\n<li>Frist zur Abgabe von der zusammenfassenden Information EU-VAT (in der elektronischen Form);<\/li>\n<li>Frist zur Abgabe der Erkl\u00e4rung und f\u00fcr die Bezahlung der Akzisensteuer (AKC-4);<\/li>\n<\/ul>\n<p style=\"text-align: justify;\"><strong>30<\/strong><strong>. Monatstag<\/strong><\/p>\n<ul>\n<li style=\"text-align: justify;\">Frist f\u00fcr die Einzahlung der Mehrwertsteuer bez\u00fcglich der innengemeinschaftlichen Lieferung eines neuen Transportmittels (VAT-11);<\/li>\n<\/ul>\n","protected":false},"excerpt":{"rendered":"<p>5. Monatstag Zahlungsfrist f\u00fcr die Sozialversicherungsbeitr\u00e4ge und Krankenversicherungsbeitr\u00e4ge, Beitr\u00e4ge f\u00fcr den Fonds f\u00fcr Arbeitslosengeld und Fonds f\u00fcr die arbeitsrechtlich garantierten Arbeitnehmeranspr\u00fcche, die von den Budgeteinheiten und Hilfsbetriebe bezahlt werden; 7. Monatstag Zahlungsfrist f\u00fcr die Steuer in Form einer Lohnsteuerkarte; Zahlungsfrist f\u00fcr die Pauschalk\u00f6rperschaftssteuer f\u00fcr die Steuerpflichtigen, die ihren Sitz oder ihre Gesch\u00e4ftsf\u00fchrung auf dem Gebiet&#8230;  <\/p>\n<p style=\"margin-bottom: 0px;\"><a href=\"https:\/\/otus-podatki.pl\/de\/interessante-informationen\/terminkalender\/\" class=\"button more-link\" title=\"Terminkalender\"><span>Weiterlesen<\/span><\/a><\/p>\n","protected":false},"author":1,"featured_media":112,"parent":14,"menu_order":0,"comment_status":"closed","ping_status":"open","template":"","meta":{"footnotes":""},"class_list":["post-55","page","type-page","status-publish","has-post-thumbnail","hentry"],"_links":{"self":[{"href":"https:\/\/otus-podatki.pl\/de\/wp-json\/wp\/v2\/pages\/55","targetHints":{"allow":["GET"]}}],"collection":[{"href":"https:\/\/otus-podatki.pl\/de\/wp-json\/wp\/v2\/pages"}],"about":[{"href":"https:\/\/otus-podatki.pl\/de\/wp-json\/wp\/v2\/types\/page"}],"author":[{"embeddable":true,"href":"https:\/\/otus-podatki.pl\/de\/wp-json\/wp\/v2\/users\/1"}],"replies":[{"embeddable":true,"href":"https:\/\/otus-podatki.pl\/de\/wp-json\/wp\/v2\/comments?post=55"}],"version-history":[{"count":3,"href":"https:\/\/otus-podatki.pl\/de\/wp-json\/wp\/v2\/pages\/55\/revisions"}],"predecessor-version":[{"id":127,"href":"https:\/\/otus-podatki.pl\/de\/wp-json\/wp\/v2\/pages\/55\/revisions\/127"}],"up":[{"embeddable":true,"href":"https:\/\/otus-podatki.pl\/de\/wp-json\/wp\/v2\/pages\/14"}],"wp:featuredmedia":[{"embeddable":true,"href":"https:\/\/otus-podatki.pl\/de\/wp-json\/wp\/v2\/media\/112"}],"wp:attachment":[{"href":"https:\/\/otus-podatki.pl\/de\/wp-json\/wp\/v2\/media?parent=55"}],"curies":[{"name":"wp","href":"https:\/\/api.w.org\/{rel}","templated":true}]}}