{"id":8,"date":"2015-06-08T15:21:32","date_gmt":"2015-06-08T13:21:32","guid":{"rendered":"http:\/\/www.de.otus-podatki.pl\/?page_id=8"},"modified":"2023-04-02T18:47:29","modified_gmt":"2023-04-02T16:47:29","slug":"uber-uns","status":"publish","type":"page","link":"https:\/\/otus-podatki.pl\/de\/uber-uns\/","title":{"rendered":"\u00dcber uns"},"content":{"rendered":"<p style=\"text-align: justify;\"><strong>Das Buchhaltungsb\u00fcro<\/strong> <strong>OTUS<\/strong> wurde von Dominika Grabska gegr\u00fcndet, welche sich, nach einer mehrj\u00e4hrigen Arbeit in den Finanz\u00e4mtern in Szczecin sowie einer Zusammenarbeit mit der deutschen Firma Goldenstein, entschieden haben, die Erwartungen von allen Kunden zu erf\u00fcllen, welche <strong>Professionalismus,<\/strong> <strong>Sicherheit<\/strong> <strong>und einen vern\u00fcnftigen Preis<\/strong> sch\u00e4tzen.<\/p>\n<p style=\"text-align: justify;\">Die von dem Finanzministerium erteilten<strong> Qualifikationszeugnisse<\/strong>, welche zur Erbringung von Dienstleistungen im Bereich der F\u00fchrung von Handelsb\u00fcchern berechtigen, sowie eine <strong>Haftpflichtversicherung,<\/strong> garantieren den Kunden, dass <strong>volle Haftung f\u00fcr die erbrachten Dienstleistungen von dem Buchhaltungsb\u00fcro getragen wird. <\/strong><\/p>\n<p style=\"text-align: justify;\"><strong>Jeder Kunde wird<\/strong><strong> individuell <\/strong><strong>betrachtet. <\/strong><\/p>\n<p style=\"text-align: justify;\"><strong>Die Erfahrung <\/strong><strong>sowie <\/strong> die st\u00e4ndige <strong>Weiterbildung <\/strong>lassen uns, die komplexen Buchhaltungs- und Personaldienstleistungen zu erbringen.<\/p>\n<p style=\"text-align: justify;\">Mit unserem B\u00fcro <strong>arbeiten<\/strong> unter anderem folgende Firmen <strong>zusammen<\/strong>:<\/p>\n<ul style=\"text-align: justify;\">\n<li>Apotheken,<\/li>\n<li>Versicherungsfirmen,<\/li>\n<li>Informatikfirmen,<\/li>\n<li>Firmen, welche im Bereich der erneuerbaren Energien t\u00e4tig sind,<\/li>\n<li>Restaurants,<\/li>\n<li>Touristikb\u00fcros,<\/li>\n<li>Fensterhersteller,<\/li>\n<li>Handelsfirmen,<\/li>\n<li>Vermittlungsfirmen,<\/li>\n<li>Baufirmen,<\/li>\n<li>\u00c4rzte,<\/li>\n<li>Fahrschulen,<\/li>\n<li>Firmen, welche die Bildungsdienstleistungen erbringen,<\/li>\n<li>Vereine.<\/li>\n<\/ul>\n<p style=\"text-align: justify;\">Das Buchhaltungsb\u00fcro OTUS <strong>arbeitet <\/strong><strong>mit einem Steuerberater, Rechtsanwalt, Rechtsberater, mit Notarkanzleien, mit einem \u00dcbersetzungsb\u00fcro sowie mit einer Firma, die im Bereich des Arbeitsschutzes t\u00e4tig ist, <\/strong><strong>zusammen. <\/strong><\/p>\n","protected":false},"excerpt":{"rendered":"<p>Das Buchhaltungsb\u00fcro OTUS wurde von Dominika Grabska gegr\u00fcndet, welche sich, nach einer mehrj\u00e4hrigen Arbeit in den Finanz\u00e4mtern in Szczecin sowie einer Zusammenarbeit mit der deutschen Firma Goldenstein, entschieden haben, die Erwartungen von allen Kunden zu erf\u00fcllen, welche Professionalismus, Sicherheit und einen vern\u00fcnftigen Preis sch\u00e4tzen. Die von dem Finanzministerium erteilten Qualifikationszeugnisse, welche zur Erbringung von Dienstleistungen&#8230;  <\/p>\n<p style=\"margin-bottom: 0px;\"><a href=\"https:\/\/otus-podatki.pl\/de\/uber-uns\/\" class=\"button more-link\" title=\"\u00dcber uns\"><span>Weiterlesen<\/span><\/a><\/p>\n","protected":false},"author":1,"featured_media":115,"parent":0,"menu_order":0,"comment_status":"closed","ping_status":"open","template":"","meta":{"footnotes":""},"class_list":["post-8","page","type-page","status-publish","has-post-thumbnail","hentry"],"_links":{"self":[{"href":"https:\/\/otus-podatki.pl\/de\/wp-json\/wp\/v2\/pages\/8","targetHints":{"allow":["GET"]}}],"collection":[{"href":"https:\/\/otus-podatki.pl\/de\/wp-json\/wp\/v2\/pages"}],"about":[{"href":"https:\/\/otus-podatki.pl\/de\/wp-json\/wp\/v2\/types\/page"}],"author":[{"embeddable":true,"href":"https:\/\/otus-podatki.pl\/de\/wp-json\/wp\/v2\/users\/1"}],"replies":[{"embeddable":true,"href":"https:\/\/otus-podatki.pl\/de\/wp-json\/wp\/v2\/comments?post=8"}],"version-history":[{"count":4,"href":"https:\/\/otus-podatki.pl\/de\/wp-json\/wp\/v2\/pages\/8\/revisions"}],"predecessor-version":[{"id":192,"href":"https:\/\/otus-podatki.pl\/de\/wp-json\/wp\/v2\/pages\/8\/revisions\/192"}],"wp:featuredmedia":[{"embeddable":true,"href":"https:\/\/otus-podatki.pl\/de\/wp-json\/wp\/v2\/media\/115"}],"wp:attachment":[{"href":"https:\/\/otus-podatki.pl\/de\/wp-json\/wp\/v2\/media?parent=8"}],"curies":[{"name":"wp","href":"https:\/\/api.w.org\/{rel}","templated":true}]}}